{"id":101,"date":"2020-03-15T20:06:45","date_gmt":"2020-03-15T16:06:45","guid":{"rendered":"http:\/\/airsoft-reunion.fr\/?post_type=product&#038;p=101"},"modified":"2026-03-25T23:14:15","modified_gmt":"2026-03-25T19:14:15","slug":"ssp-1-novritsch","status":"publish","type":"product","link":"https:\/\/airsoft-reunion.fr\/index.php\/product\/ssp-1-novritsch\/","title":{"rendered":"SSP-1 NOVRITSCH"},"content":{"rendered":"<p>Le SSP-1 est une r\u00e9plique de\u00a0 poing type Hi-Capa pr\u00e9-upgrad\u00e9 par Novritsch et vendue avec la mallette.<br \/>\nLa culasse est en aluminium (CNC), le canon externe dispose d&rsquo;un fl\u00fbtage torsad\u00e9 et d&rsquo;un filetage permettant de mont\u00e9 un silencieux par exemple.<br \/>\nLe nozzle (accepte le GAZ et le CO2), le joint du chargeur et le joint hop-up, sont violet et ont \u00e9t\u00e9s optimis\u00e9s.<br \/>\nLa boite comprend la nouvelle cl\u00e9 de d\u00e9montage de valve Novritsch.<\/p>\n<p><!--more--><\/p>\n<p><strong><u>Description<\/u><\/strong><\/p>\n<hr \/>\n<p><strong>Fabricant\u00a0: <\/strong>Novritsch<br \/>\n<strong>Type de r\u00e9plique :<\/strong> PA Hi-Capa<br \/>\n<strong>Couleur\u00a0:<\/strong>\u00a0Noir<br \/>\n<strong>Capacit\u00e9 du chargeur\u00a0:<\/strong> 31 billes<br \/>\n<strong>Poids\u00a0:<\/strong> 1 020 g<br \/>\n<strong>Mati\u00e8re\u00a0:<\/strong> M\u00e9tal<br \/>\n<strong>Type chargeur :<\/strong> GAZ (compatible \u00e9galement avec chargeur CO2)<br \/>\n<strong>Puissance :<\/strong> 0,8 J avec chargeur GAZ (1,2 J avec chargeur CO2)<\/p>\n<pre class=\"rich-text editor-rich-text__editable block-editor-rich-text__editable is-selected\" role=\"textbox\" contenteditable=\"true\" aria-multiline=\"true\" aria-label=\"R\u00e9digez\u2026\"><img loading=\"lazy\" class=\"alignnone size-full wp-image-24\" src=\"http:\/\/airsoft-reunion.fr\/wp-content\/uploads\/2020\/03\/Pr\u00e9sentation-1920-1080.jpg\" alt=\"\" width=\"1920\" height=\"1080\" srcset=\"https:\/\/airsoft-reunion.fr\/wp-content\/uploads\/2020\/03\/Pr\u00e9sentation-1920-1080.jpg 1920w, https:\/\/airsoft-reunion.fr\/wp-content\/uploads\/2020\/03\/Pr\u00e9sentation-1920-1080-600x338.jpg 600w, https:\/\/airsoft-reunion.fr\/wp-content\/uploads\/2020\/03\/Pr\u00e9sentation-1920-1080-300x169.jpg 300w, https:\/\/airsoft-reunion.fr\/wp-content\/uploads\/2020\/03\/Pr\u00e9sentation-1920-1080-1024x576.jpg 1024w, https:\/\/airsoft-reunion.fr\/wp-content\/uploads\/2020\/03\/Pr\u00e9sentation-1920-1080-768x432.jpg 768w, https:\/\/airsoft-reunion.fr\/wp-content\/uploads\/2020\/03\/Pr\u00e9sentation-1920-1080-1536x864.jpg 1536w, https:\/\/airsoft-reunion.fr\/wp-content\/uploads\/2020\/03\/Pr\u00e9sentation-1920-1080-1280x720.jpg 1280w\" sizes=\"(max-width: 1920px) 100vw, 1920px\" \/><\/pre>\n<p>&nbsp;<\/p>\n","protected":false},"excerpt":{"rendered":"<p>Le SSP-1 est une r\u00e9plique de\u00a0 poing type Hi-Capa pr\u00e9-upgrad\u00e9 par Novritsch et vendue avec la mallette. La culasse est en aluminium (CNC), le canon externe dispose d&rsquo;un fl\u00fbtage torsad\u00e9 et d&rsquo;un filetage permettant de mont\u00e9 un silencieux par exemple. Le nozzle (accepte le GAZ et le CO2), le joint du chargeur et le joint hop-up, sont violet et ont<\/p>\n<div class=\"read-more\"><a class=\"more-link\" href=\"https:\/\/airsoft-reunion.fr\/index.php\/product\/ssp-1-novritsch\/\">En lire davantage&#8230;<\/a><\/div>\n","protected":false},"featured_media":103,"comment_status":"open","ping_status":"closed","template":"","meta":{"spay_email":""},"_links":{"self":[{"href":"https:\/\/airsoft-reunion.fr\/index.php\/wp-json\/wp\/v2\/product\/101"}],"collection":[{"href":"https:\/\/airsoft-reunion.fr\/index.php\/wp-json\/wp\/v2\/product"}],"about":[{"href":"https:\/\/airsoft-reunion.fr\/index.php\/wp-json\/wp\/v2\/types\/product"}],"replies":[{"embeddable":true,"href":"https:\/\/airsoft-reunion.fr\/index.php\/wp-json\/wp\/v2\/comments?post=101"}],"wp:featuredmedia":[{"embeddable":true,"href":"https:\/\/airsoft-reunion.fr\/index.php\/wp-json\/wp\/v2\/media\/103"}],"wp:attachment":[{"href":"https:\/\/airsoft-reunion.fr\/index.php\/wp-json\/wp\/v2\/media?parent=101"}],"curies":[{"name":"wp","href":"https:\/\/api.w.org\/{rel}","templated":true}]}}