{"id":66,"date":"2020-03-08T17:41:28","date_gmt":"2020-03-08T16:41:28","guid":{"rendered":"http:\/\/airsoft-reunion.fr\/?post_type=product&#038;p=66"},"modified":"2026-03-25T23:15:41","modified_gmt":"2026-03-25T19:15:41","slug":"m4-gp-gbbr","status":"publish","type":"product","link":"https:\/\/airsoft-reunion.fr\/index.php\/product\/m4-gp-gbbr\/","title":{"rendered":"M4 G&#038;P GBBR"},"content":{"rendered":"<p>R\u00e9plique GBB-R du type M4 en version courte (CQB) par le constructeur G&amp;P. R\u00e9plique fonctionnant \u00e0 gaz et Blow-Back, avec un chargeur gaz du type Magpul de 30 billes.<br \/>\n<!--more--><\/p>\n<p><strong><u>Description<\/u><\/strong><\/p>\n<hr \/>\n<p><strong>Fabricant\u00a0: <\/strong>G&amp;P<br \/>\n<strong>Type de r\u00e9plique :<\/strong>\u00a0GBB-R<br \/>\n<strong>Couleur\u00a0:<\/strong>\u00a0Noir<br \/>\n<strong>Capacit\u00e9 du chargeur\u00a0:<\/strong>\u00a039\u00a0billes<br \/>\n<strong>Longueur\u00a0:<\/strong>\u00a0665 mm \/ 750\u00a0mm crosse\u00a0allong\u00e9e<br \/>\n<strong>Poids\u00a0:<\/strong> 2 680\u00a0g<br \/>\n<strong>Mati\u00e8re\u00a0:<\/strong> M\u00e9tal &amp; ABS<br \/>\n<strong>Longueur canon interne\u00a0:<\/strong>\u00a0250 mm<br \/>\n<strong>R\u00e9plique\u00a0:<\/strong>\u00a0Gas Blow Back<\/p>\n<pre class=\"rich-text editor-rich-text__editable block-editor-rich-text__editable is-selected\" role=\"textbox\" contenteditable=\"true\" aria-multiline=\"true\" aria-label=\"R\u00e9digez\u2026\"><\/pre>\n<p><img loading=\"lazy\" class=\"alignnone size-full wp-image-18\" src=\"http:\/\/airsoft-reunion.fr\/wp-content\/uploads\/2020\/03\/m4-gbbr-gp-gaz.jpg\" alt=\"\" width=\"1920\" height=\"1080\" srcset=\"https:\/\/airsoft-reunion.fr\/wp-content\/uploads\/2020\/03\/m4-gbbr-gp-gaz.jpg 1920w, https:\/\/airsoft-reunion.fr\/wp-content\/uploads\/2020\/03\/m4-gbbr-gp-gaz-600x338.jpg 600w, https:\/\/airsoft-reunion.fr\/wp-content\/uploads\/2020\/03\/m4-gbbr-gp-gaz-300x169.jpg 300w, https:\/\/airsoft-reunion.fr\/wp-content\/uploads\/2020\/03\/m4-gbbr-gp-gaz-1024x576.jpg 1024w, https:\/\/airsoft-reunion.fr\/wp-content\/uploads\/2020\/03\/m4-gbbr-gp-gaz-768x432.jpg 768w, https:\/\/airsoft-reunion.fr\/wp-content\/uploads\/2020\/03\/m4-gbbr-gp-gaz-1536x864.jpg 1536w, https:\/\/airsoft-reunion.fr\/wp-content\/uploads\/2020\/03\/m4-gbbr-gp-gaz-1280x720.jpg 1280w\" sizes=\"(max-width: 1920px) 100vw, 1920px\" \/><\/p>\n","protected":false},"excerpt":{"rendered":"<p>R\u00e9plique GBB-R du type M4 en version courte (CQB) par le constructeur G&amp;P. R\u00e9plique fonctionnant \u00e0 gaz et Blow-Back, avec un chargeur gaz du type Magpul de 30 billes.<\/p>\n","protected":false},"featured_media":98,"comment_status":"open","ping_status":"closed","template":"","meta":{"spay_email":""},"_links":{"self":[{"href":"https:\/\/airsoft-reunion.fr\/index.php\/wp-json\/wp\/v2\/product\/66"}],"collection":[{"href":"https:\/\/airsoft-reunion.fr\/index.php\/wp-json\/wp\/v2\/product"}],"about":[{"href":"https:\/\/airsoft-reunion.fr\/index.php\/wp-json\/wp\/v2\/types\/product"}],"replies":[{"embeddable":true,"href":"https:\/\/airsoft-reunion.fr\/index.php\/wp-json\/wp\/v2\/comments?post=66"}],"wp:featuredmedia":[{"embeddable":true,"href":"https:\/\/airsoft-reunion.fr\/index.php\/wp-json\/wp\/v2\/media\/98"}],"wp:attachment":[{"href":"https:\/\/airsoft-reunion.fr\/index.php\/wp-json\/wp\/v2\/media?parent=66"}],"curies":[{"name":"wp","href":"https:\/\/api.w.org\/{rel}","templated":true}]}}